{"id":229,"date":"2020-07-18T11:55:53","date_gmt":"2020-07-18T14:55:53","guid":{"rendered":"https:\/\/profamilia.com.br\/site\/?page_id=229"},"modified":"2021-02-02T17:19:20","modified_gmt":"2021-02-02T20:19:20","slug":"quem-somos","status":"publish","type":"page","link":"https:\/\/profamilia.com.br\/site\/quem-somos\/","title":{"rendered":"Quem Somos"},"content":{"rendered":"\t\t<div data-elementor-type=\"wp-page\" data-elementor-id=\"229\" class=\"elementor elementor-229\">\n\t\t\t\t\t\t<section class=\"elementor-section elementor-top-section elementor-element elementor-element-bf533ad elementor-section-full_width elementor-section-height-default elementor-section-height-default\" data-id=\"bf533ad\" data-element_type=\"section\">\n\t\t\t\t\t\t<div class=\"elementor-container elementor-column-gap-default\">\n\t\t\t\t\t<div class=\"elementor-column elementor-col-100 elementor-top-column elementor-element elementor-element-93e815a\" data-id=\"93e815a\" data-element_type=\"column\">\n\t\t\t<div class=\"elementor-widget-wrap elementor-element-populated\">\n\t\t\t\t\t\t<div class=\"elementor-element elementor-element-15732a7 elementor-widget elementor-widget-shortcode\" data-id=\"15732a7\" data-element_type=\"widget\" data-widget_type=\"shortcode.default\">\n\t\t\t\t<div class=\"elementor-widget-container\">\n\t\t\t\t\t\t\t<div class=\"elementor-shortcode\">\t\t<div data-elementor-type=\"section\" data-elementor-id=\"93\" class=\"elementor elementor-93\">\n\t\t<div class=\"elementor-section-wrap\">\n\t\t\t\t\t<section class=\"elementor-section elementor-top-section elementor-element elementor-element-a8baf89 elementor-section-boxed elementor-section-height-default elementor-section-height-default\" data-id=\"a8baf89\" data-element_type=\"section\" data-settings=\"{&quot;background_background&quot;:&quot;classic&quot;}\">\n\t\t\t\t\t\t<div class=\"elementor-container elementor-column-gap-default\">\n\t\t\t\t\t<div class=\"elementor-column elementor-col-100 elementor-top-column elementor-element elementor-element-700fcbf\" data-id=\"700fcbf\" data-element_type=\"column\">\n\t\t\t<div class=\"elementor-widget-wrap elementor-element-populated\">\n\t\t\t\t\t\t<div class=\"elementor-element elementor-element-84303eb elementor-widget elementor-widget-heading\" data-id=\"84303eb\" data-element_type=\"widget\" data-widget_type=\"heading.default\">\n\t\t\t\t<div class=\"elementor-widget-container\">\n\t\t\t\t\t<h1 class=\"elementor-heading-title elementor-size-default\">Quem Somos<\/h1>\t\t\t\t<\/div>\n\t\t\t\t<\/div>\n\t\t\t\t<div class=\"elementor-element elementor-element-9f9aee6 elementor-align-center elementor-widget elementor-widget-breadcrumbs\" data-id=\"9f9aee6\" data-element_type=\"widget\" data-widget_type=\"breadcrumbs.default\">\n\t\t\t\t<div class=\"elementor-widget-container\">\n\t\t\t\t\t<nav id=\"breadcrumbs\"><span><span><a href=\"https:\/\/profamilia.com.br\/site\/\">Home<\/a><\/span><\/nav>\t\t\t\t<\/div>\n\t\t\t\t<\/div>\n\t\t\t\t\t<\/div>\n\t\t<\/div>\n\t\t\t\t\t<\/div>\n\t\t<\/section>\n\t\t\t\t<\/div>\n\t\t<\/div>\n\t\t<\/div>\n\t\t\t\t\t\t<\/div>\n\t\t\t\t<\/div>\n\t\t\t\t\t<\/div>\n\t\t<\/div>\n\t\t\t\t\t<\/div>\n\t\t<\/section>\n\t\t\t\t<section class=\"elementor-section elementor-top-section elementor-element elementor-element-179c037 elementor-section-boxed elementor-section-height-default elementor-section-height-default\" data-id=\"179c037\" data-element_type=\"section\">\n\t\t\t\t\t\t<div class=\"elementor-container elementor-column-gap-default\">\n\t\t\t\t\t<div class=\"elementor-column elementor-col-50 elementor-top-column elementor-element elementor-element-92ebb1b\" data-id=\"92ebb1b\" data-element_type=\"column\">\n\t\t\t<div class=\"elementor-widget-wrap elementor-element-populated\">\n\t\t\t\t\t\t<div class=\"elementor-element elementor-element-b6163c6 elementor-widget elementor-widget-heading\" data-id=\"b6163c6\" data-element_type=\"widget\" data-widget_type=\"heading.default\">\n\t\t\t\t<div class=\"elementor-widget-container\">\n\t\t\t\t\t<h2 class=\"elementor-heading-title elementor-size-default\">Pr\u00f3-Fam\u00edlia<\/h2>\t\t\t\t<\/div>\n\t\t\t\t<\/div>\n\t\t\t\t<div class=\"elementor-element elementor-element-f6cfe7a elementor-widget-divider--view-line elementor-widget elementor-widget-divider\" data-id=\"f6cfe7a\" data-element_type=\"widget\" data-widget_type=\"divider.default\">\n\t\t\t\t<div class=\"elementor-widget-container\">\n\t\t\t\t\t\t\t<div class=\"elementor-divider\">\n\t\t\t<span class=\"elementor-divider-separator\">\n\t\t\t\t\t\t<\/span>\n\t\t<\/div>\n\t\t\t\t\t\t<\/div>\n\t\t\t\t<\/div>\n\t\t\t\t<div class=\"elementor-element elementor-element-85e7178 elementor-widget elementor-widget-text-editor\" data-id=\"85e7178\" data-element_type=\"widget\" data-widget_type=\"text-editor.default\">\n\t\t\t\t<div class=\"elementor-widget-container\">\n\t\t\t\t\t\t\t\t\t<p>O Pr\u00f3-Fam\u00edlia nasceu, em 2010, da uni\u00e3o de empres\u00e1rios especializados, com mais de 30 anos de experi\u00eancia nos segmentos da sa\u00fade.<\/p><p>Mas a nossa hist\u00f3ria come\u00e7ou muito antes, na gest\u00e3o de Operadoras de Planos de Sa\u00fade, Cl\u00ednicas M\u00e9dicas e Odontol\u00f3gicas, tal expertise nos permite inovar, modernizar os conceitos do segmento sa\u00fade, e incrementar a qualidade e agilidade no processo de escolha do servi\u00e7o desejado.<\/p><p>Somos uma plataforma eletr\u00f4nica que atua como elo entre segmentos de servi\u00e7os e gera resultados e facilidades aos parceiros e clientes, visando obter servi\u00e7os particulares com pre\u00e7os mais acess\u00edveis. Gera mais movimento para seus Parceiros (prestadores de servi\u00e7os). Mant\u00e9m programas de Incentivo que geram bonifica\u00e7\u00f5es para seus parceiros e usu\u00e1rios.<\/p><p>Estamos com voc\u00ea nos melhores momentos e, por todo esse tempo, seguimos crescendo para unir for\u00e7as e fortalecer ainda mais os v\u00ednculos com voc\u00ea, nosso cliente.<\/p><p>A sa\u00fade \u00e9 nossa paix\u00e3o.<\/p><p>N\u00e3o somos Planos de Sa\u00fade. Estamos muito al\u00e9m\u2026<\/p>\t\t\t\t\t\t\t\t<\/div>\n\t\t\t\t<\/div>\n\t\t\t\t\t<\/div>\n\t\t<\/div>\n\t\t\t\t<div class=\"elementor-column elementor-col-50 elementor-top-column elementor-element elementor-element-b68f9cb\" data-id=\"b68f9cb\" data-element_type=\"column\">\n\t\t\t<div class=\"elementor-widget-wrap elementor-element-populated\">\n\t\t\t\t\t\t<div class=\"elementor-element elementor-element-cb1b08d elementor-widget elementor-widget-image\" data-id=\"cb1b08d\" data-element_type=\"widget\" data-widget_type=\"image.default\">\n\t\t\t\t<div class=\"elementor-widget-container\">\n\t\t\t\t\t\t\t\t\t\t\t\t\t\t\t<img fetchpriority=\"high\" decoding=\"async\" width=\"416\" height=\"613\" src=\"https:\/\/profamilia.com.br\/site\/wp-content\/uploads\/2021\/02\/profamilia.jpg\" class=\"attachment-full size-full wp-image-690\" alt=\"\" srcset=\"https:\/\/profamilia.com.br\/site\/wp-content\/uploads\/2021\/02\/profamilia.jpg 416w, https:\/\/profamilia.com.br\/site\/wp-content\/uploads\/2021\/02\/profamilia-204x300.jpg 204w\" sizes=\"(max-width: 416px) 100vw, 416px\" \/>\t\t\t\t\t\t\t\t\t\t\t\t\t\t\t<\/div>\n\t\t\t\t<\/div>\n\t\t\t\t\t<\/div>\n\t\t<\/div>\n\t\t\t\t\t<\/div>\n\t\t<\/section>\n\t\t\t\t<section class=\"elementor-section elementor-top-section elementor-element elementor-element-09639c7 elementor-section-boxed elementor-section-height-default elementor-section-height-default\" data-id=\"09639c7\" data-element_type=\"section\">\n\t\t\t\t\t\t<div class=\"elementor-container elementor-column-gap-default\">\n\t\t\t\t\t<div class=\"elementor-column elementor-col-100 elementor-top-column elementor-element elementor-element-5fd77d1\" data-id=\"5fd77d1\" data-element_type=\"column\" data-settings=\"{&quot;background_background&quot;:&quot;classic&quot;}\">\n\t\t\t<div class=\"elementor-widget-wrap elementor-element-populated\">\n\t\t\t\t\t\t<div class=\"elementor-element elementor-element-f20d674 elementor-widget elementor-widget-text-editor\" data-id=\"f20d674\" data-element_type=\"widget\" data-widget_type=\"text-editor.default\">\n\t\t\t\t<div class=\"elementor-widget-container\">\n\t\t\t\t\t\t\t\t\t<p><strong>Nosso sonho<\/strong> \u00e9 levar sa\u00fade para <strong>todos os brasileiros.<\/strong><\/p>\t\t\t\t\t\t\t\t<\/div>\n\t\t\t\t<\/div>\n\t\t\t\t\t<\/div>\n\t\t<\/div>\n\t\t\t\t\t<\/div>\n\t\t<\/section>\n\t\t\t\t<section class=\"elementor-section elementor-top-section elementor-element elementor-element-ca40dfd elementor-section-boxed elementor-section-height-default elementor-section-height-default\" data-id=\"ca40dfd\" data-element_type=\"section\">\n\t\t\t\t\t\t<div class=\"elementor-container elementor-column-gap-default\">\n\t\t\t\t\t<div class=\"elementor-column elementor-col-100 elementor-top-column elementor-element elementor-element-03ef839\" data-id=\"03ef839\" data-element_type=\"column\">\n\t\t\t<div class=\"elementor-widget-wrap elementor-element-populated\">\n\t\t\t\t\t\t<div class=\"elementor-element elementor-element-fb18998 elementor-widget elementor-widget-text-editor\" data-id=\"fb18998\" data-element_type=\"widget\" data-widget_type=\"text-editor.default\">\n\t\t\t\t<div class=\"elementor-widget-container\">\n\t\t\t\t\t\t\t\t\t<p>Utilize as recomenda\u00e7\u00f5es t\u00e9cnicas do Profamilia para planejar a sa\u00fade de seus colaboradores e familiares.<\/p><p>O Aplicativo Pro-Fam\u00edlia tamb\u00e9m promove maiores ganhos para os servi\u00e7os assistenciais privados, pela aproxima\u00e7\u00e3o e alavancagem de pacientes.<\/p><p>Por meio de conv\u00eanios com empresas de outros segmentos viabilizaremos aos nossos clientes obterem produtos e servi\u00e7os de qualidade com pre\u00e7os e condi\u00e7\u00f5es especiais.<\/p><p>A contrapartida aos empres\u00e1rios ser\u00e1 a divulga\u00e7\u00e3o de seus produtos e servi\u00e7os para o p\u00fablico Pro-Fam\u00edlia, resultando em mais e mais clientes para seus neg\u00f3cios.<\/p><h3>Objetivos<\/h3><p>Alavancar neg\u00f3cios para os prestadores de servi\u00e7os que fazem parte do Programa Pr\u00f3-Fam\u00edlia;<\/p><p>Agilizar, com qualidade diferenciada, os atendimentos aos clientes finais.<\/p><h3>Estrutura<\/h3><p>Pr\u00f3-Fam\u00edlia &lt;=&gt; Clientes (usu\u00e1rios);<\/p><p>Pr\u00f3-Fam\u00edlia &lt;=&gt; Prestadores de Servi\u00e7os (parceiros);<\/p><p>Clientes &lt;=&gt; Prestadores de Servi\u00e7os.<\/p><p>Aqui deve ser desenhado um c\u00edrculo indicando as rela\u00e7\u00f5es entre todas as partes.<\/p><h3>Servi\u00e7os Dispon\u00edveis:<\/h3><p>Segmento Sa\u00fade: consultas, exames, terapias, interna\u00e7\u00f5es, &#8230;<\/p><p>Outros segmentos em desenvolvimento:<\/p><p>Veterin\u00e1rios, Academias, Livrarias, Drogarias, Aux\u00edlio Funer\u00e1rio, e outros, para um futuro pr\u00f3ximo.<\/p><h3>Benef\u00edcios<\/h3><p>Plataforma eletr\u00f4nica de f\u00e1cil uso atrav\u00e9s do seu celular ou computador;<\/p><p>Cadastro (conta) a custo \u201czero\u201d;<\/p><p>Acesso aos pre\u00e7os dos servi\u00e7os e produtos com facilidade;<\/p><p>Pagamento por Cart\u00e3o de Cr\u00e9dito em at\u00e9 12 parcelas;<\/p><p>Programa de Milhagem (recheado de benef\u00edcios);<\/p><p>Melhores pre\u00e7os do mercado.<\/p>\t\t\t\t\t\t\t\t<\/div>\n\t\t\t\t<\/div>\n\t\t\t\t\t<\/div>\n\t\t<\/div>\n\t\t\t\t\t<\/div>\n\t\t<\/section>\n\t\t\t\t<section class=\"elementor-section elementor-top-section elementor-element elementor-element-1f2cda5 elementor-section-boxed elementor-section-height-default elementor-section-height-default\" data-id=\"1f2cda5\" data-element_type=\"section\">\n\t\t\t\t\t\t<div class=\"elementor-container elementor-column-gap-default\">\n\t\t\t\t\t<div class=\"elementor-column elementor-col-100 elementor-top-column elementor-element elementor-element-1cf38d9\" data-id=\"1cf38d9\" data-element_type=\"column\">\n\t\t\t<div class=\"elementor-widget-wrap elementor-element-populated\">\n\t\t\t\t\t\t<div class=\"elementor-element elementor-element-3ca4c87 elementor-widget elementor-widget-heading\" data-id=\"3ca4c87\" data-element_type=\"widget\" data-widget_type=\"heading.default\">\n\t\t\t\t<div class=\"elementor-widget-container\">\n\t\t\t\t\t<h2 class=\"elementor-heading-title elementor-size-default\">Como funciona o Pr\u00f3-Fam\u00edlia<\/h2>\t\t\t\t<\/div>\n\t\t\t\t<\/div>\n\t\t\t\t<div class=\"elementor-element elementor-element-5e1d0a7 elementor-widget elementor-widget-video\" data-id=\"5e1d0a7\" data-element_type=\"widget\" data-settings=\"{&quot;youtube_url&quot;:&quot;https:\\\/\\\/www.youtube.com\\\/watch?v=XHOmBV4js_E&quot;,&quot;show_image_overlay&quot;:&quot;yes&quot;,&quot;image_overlay&quot;:{&quot;url&quot;:&quot;https:\\\/\\\/profamilia.com.br\\\/site\\\/wp-content\\\/uploads\\\/2021\\\/02\\\/video.jpg&quot;,&quot;id&quot;:702,&quot;size&quot;:&quot;&quot;},&quot;video_type&quot;:&quot;youtube&quot;,&quot;controls&quot;:&quot;yes&quot;}\" data-widget_type=\"video.default\">\n\t\t\t\t<div class=\"elementor-widget-container\">\n\t\t\t\t\t\t\t<div class=\"elementor-wrapper elementor-open-inline\">\n\t\t\t<div class=\"elementor-video\"><\/div>\t\t\t\t<div class=\"elementor-custom-embed-image-overlay\" style=\"background-image: url(https:\/\/profamilia.com.br\/site\/wp-content\/uploads\/2021\/02\/video.jpg);\">\n\t\t\t\t\t\t\t\t\t\t\t\t\t\t\t\t<div class=\"elementor-custom-embed-play\" role=\"button\" aria-label=\"Reproduzir v\u00eddeo\" tabindex=\"0\">\n\t\t\t\t\t\t\t<i aria-hidden=\"true\" class=\"eicon-play\"><\/i>\t\t\t\t\t\t<\/div>\n\t\t\t\t\t\t\t\t\t<\/div>\n\t\t\t\t\t<\/div>\n\t\t\t\t\t\t<\/div>\n\t\t\t\t<\/div>\n\t\t\t\t\t<\/div>\n\t\t<\/div>\n\t\t\t\t\t<\/div>\n\t\t<\/section>\n\t\t\t\t<section class=\"elementor-section elementor-top-section elementor-element elementor-element-ba478e0 elementor-section-full_width elementor-section-height-default elementor-section-height-default\" data-id=\"ba478e0\" data-element_type=\"section\">\n\t\t\t\t\t\t<div class=\"elementor-container elementor-column-gap-default\">\n\t\t\t\t\t<div class=\"elementor-column elementor-col-100 elementor-top-column elementor-element elementor-element-b99cebe\" data-id=\"b99cebe\" data-element_type=\"column\">\n\t\t\t<div class=\"elementor-widget-wrap elementor-element-populated\">\n\t\t\t\t\t\t<div class=\"elementor-element elementor-element-ca0c3d9 elementor-widget elementor-widget-shortcode\" data-id=\"ca0c3d9\" data-element_type=\"widget\" data-widget_type=\"shortcode.default\">\n\t\t\t\t<div class=\"elementor-widget-container\">\n\t\t\t\t\t\t\t<div class=\"elementor-shortcode\">\t\t<div data-elementor-type=\"section\" data-elementor-id=\"241\" class=\"elementor elementor-241\">\n\t\t<div class=\"elementor-section-wrap\">\n\t\t\t\t\t<section class=\"elementor-section elementor-top-section elementor-element elementor-element-79d8502e elementor-section-boxed elementor-section-height-default elementor-section-height-default\" data-id=\"79d8502e\" data-element_type=\"section\">\n\t\t\t\t\t\t<div class=\"elementor-container elementor-column-gap-default\">\n\t\t\t\t\t<div class=\"elementor-column elementor-col-100 elementor-top-column elementor-element elementor-element-1f261667\" data-id=\"1f261667\" data-element_type=\"column\" data-settings=\"{&quot;background_background&quot;:&quot;gradient&quot;}\">\n\t\t\t<div class=\"elementor-widget-wrap elementor-element-populated\">\n\t\t\t\t\t\t<section class=\"elementor-section elementor-inner-section elementor-element elementor-element-2c065e8 elementor-section-boxed elementor-section-height-default elementor-section-height-default\" data-id=\"2c065e8\" data-element_type=\"section\">\n\t\t\t\t\t\t<div class=\"elementor-container elementor-column-gap-default\">\n\t\t\t\t\t<div class=\"elementor-column elementor-col-33 elementor-inner-column elementor-element elementor-element-6a0c486\" data-id=\"6a0c486\" data-element_type=\"column\">\n\t\t\t<div class=\"elementor-widget-wrap elementor-element-populated\">\n\t\t\t\t\t\t<div class=\"elementor-element elementor-element-6c5f417 elementor-widget elementor-widget-image\" data-id=\"6c5f417\" data-element_type=\"widget\" data-widget_type=\"image.default\">\n\t\t\t\t<div class=\"elementor-widget-container\">\n\t\t\t\t\t\t\t\t\t\t\t\t\t\t\t<img decoding=\"async\" width=\"400\" height=\"154\" src=\"https:\/\/profamilia.com.br\/site\/wp-content\/uploads\/2020\/07\/milhagem.png\" class=\"attachment-large size-large wp-image-710\" alt=\"\" srcset=\"https:\/\/profamilia.com.br\/site\/wp-content\/uploads\/2020\/07\/milhagem.png 400w, https:\/\/profamilia.com.br\/site\/wp-content\/uploads\/2020\/07\/milhagem-300x116.png 300w\" sizes=\"(max-width: 400px) 100vw, 400px\" \/>\t\t\t\t\t\t\t\t\t\t\t\t\t\t\t<\/div>\n\t\t\t\t<\/div>\n\t\t\t\t\t<\/div>\n\t\t<\/div>\n\t\t\t\t<div class=\"elementor-column elementor-col-33 elementor-inner-column elementor-element elementor-element-a48c556\" data-id=\"a48c556\" data-element_type=\"column\">\n\t\t\t<div class=\"elementor-widget-wrap\">\n\t\t\t\t\t\t\t<\/div>\n\t\t<\/div>\n\t\t\t\t<div class=\"elementor-column elementor-col-33 elementor-inner-column elementor-element elementor-element-70fc43c\" data-id=\"70fc43c\" data-element_type=\"column\">\n\t\t\t<div class=\"elementor-widget-wrap elementor-element-populated\">\n\t\t\t\t\t\t<div class=\"elementor-element elementor-element-7a44f3a6 elementor-widget elementor-widget-text-editor\" data-id=\"7a44f3a6\" data-element_type=\"widget\" data-widget_type=\"text-editor.default\">\n\t\t\t\t<div class=\"elementor-widget-container\">\n\t\t\t\t\t\t\t\t\tSempre que voc\u00ea indica o Pr\u00f3-Fam\u00edlia,\nvoc\u00ea ganha milhagem.<span style=\"color: #a2dd3e;\">Indique. Ajude. Ganhe.<\/span>\t\t\t\t\t\t\t\t<\/div>\n\t\t\t\t<\/div>\n\t\t\t\t<div class=\"elementor-element elementor-element-32e5abcd elementor-widget elementor-widget-image\" data-id=\"32e5abcd\" data-element_type=\"widget\" data-widget_type=\"image.default\">\n\t\t\t\t<div class=\"elementor-widget-container\">\n\t\t\t\t\t\t\t\t\t\t\t\t\t\t\t<img decoding=\"async\" width=\"252\" height=\"252\" src=\"https:\/\/profamilia.com.br\/site\/wp-content\/uploads\/2020\/07\/bottom.png\" class=\"attachment-large size-large wp-image-711\" alt=\"\" srcset=\"https:\/\/profamilia.com.br\/site\/wp-content\/uploads\/2020\/07\/bottom.png 252w, https:\/\/profamilia.com.br\/site\/wp-content\/uploads\/2020\/07\/bottom-150x150.png 150w\" sizes=\"(max-width: 252px) 100vw, 252px\" \/>\t\t\t\t\t\t\t\t\t\t\t\t\t\t\t<\/div>\n\t\t\t\t<\/div>\n\t\t\t\t\t<\/div>\n\t\t<\/div>\n\t\t\t\t\t<\/div>\n\t\t<\/section>\n\t\t\t\t\t<\/div>\n\t\t<\/div>\n\t\t\t\t\t<\/div>\n\t\t<\/section>\n\t\t\t\t<\/div>\n\t\t<\/div>\n\t\t<\/div>\n\t\t\t\t\t\t<\/div>\n\t\t\t\t<\/div>\n\t\t\t\t\t<\/div>\n\t\t<\/div>\n\t\t\t\t\t<\/div>\n\t\t<\/section>\n\t\t\t\t<\/div>\n\t\t","protected":false},"excerpt":{"rendered":"<p>Pr\u00f3-Fam\u00edlia O Pr\u00f3-Fam\u00edlia nasceu, em 2010, da uni\u00e3o de empres\u00e1rios especializados, com mais de 30 anos de experi\u00eancia nos segmentos da sa\u00fade. Mas a nossa hist\u00f3ria come\u00e7ou muito antes, na gest\u00e3o de Operadoras de Planos de Sa\u00fade, Cl\u00ednicas M\u00e9dicas e Odontol\u00f3gicas, tal expertise nos permite inovar, modernizar os conceitos do segmento sa\u00fade, e incrementar a [&hellip;]<\/p>\n","protected":false},"author":1,"featured_media":0,"parent":0,"menu_order":0,"comment_status":"closed","ping_status":"closed","template":"","meta":{"footnotes":""},"yst_prominent_words":[],"class_list":["post-229","page","type-page","status-publish","hentry"],"yoast_head":"<!-- This site is optimized with the Yoast SEO Premium plugin v14.4.1 - https:\/\/yoast.com\/wordpress\/plugins\/seo\/ -->\n<title>Quem Somos - Pr\u00f3 Fam\u00edlia<\/title>\n<meta name=\"robots\" content=\"index, follow\" \/>\n<meta name=\"googlebot\" content=\"index, follow, max-snippet:-1, max-image-preview:large, max-video-preview:-1\" \/>\n<meta name=\"bingbot\" content=\"index, follow, max-snippet:-1, max-image-preview:large, max-video-preview:-1\" \/>\n<link rel=\"canonical\" href=\"https:\/\/profamilia.com.br\/site\/quem-somos\/\" \/>\n<meta property=\"og:locale\" content=\"pt_BR\" \/>\n<meta property=\"og:type\" content=\"article\" \/>\n<meta property=\"og:title\" content=\"Quem Somos - Pr\u00f3 Fam\u00edlia\" \/>\n<meta property=\"og:description\" content=\"Pr\u00f3-Fam\u00edlia O Pr\u00f3-Fam\u00edlia nasceu, em 2010, da uni\u00e3o de empres\u00e1rios especializados, com mais de 30 anos de experi\u00eancia nos segmentos da sa\u00fade. Mas a nossa hist\u00f3ria come\u00e7ou muito antes, na gest\u00e3o de Operadoras de Planos de Sa\u00fade, Cl\u00ednicas M\u00e9dicas e Odontol\u00f3gicas, tal expertise nos permite inovar, modernizar os conceitos do segmento sa\u00fade, e incrementar a [&hellip;]\" \/>\n<meta property=\"og:url\" content=\"https:\/\/profamilia.com.br\/site\/quem-somos\/\" \/>\n<meta property=\"og:site_name\" content=\"Pr\u00f3 Fam\u00edlia\" \/>\n<meta property=\"article:modified_time\" content=\"2021-02-02T20:19:20+00:00\" \/>\n<meta property=\"og:image\" content=\"https:\/\/profamilia.com.br\/site\/wp-content\/uploads\/2021\/02\/profamilia.jpg\" \/>\n<meta name=\"twitter:card\" content=\"summary_large_image\" \/>\n<script type=\"application\/ld+json\" class=\"yoast-schema-graph\">{\"@context\":\"https:\/\/schema.org\",\"@graph\":[{\"@type\":\"WebSite\",\"@id\":\"https:\/\/profamilia.com.br\/site\/#website\",\"url\":\"https:\/\/profamilia.com.br\/site\/\",\"name\":\"Pr\\u00f3 Fam\\u00edlia\",\"description\":\"Pr\\u00f3 Fam\\u00edlia\",\"potentialAction\":[{\"@type\":\"SearchAction\",\"target\":\"https:\/\/profamilia.com.br\/site\/?s={search_term_string}\",\"query-input\":\"required name=search_term_string\"}],\"inLanguage\":\"pt-BR\"},{\"@type\":\"ImageObject\",\"@id\":\"https:\/\/profamilia.com.br\/site\/quem-somos\/#primaryimage\",\"inLanguage\":\"pt-BR\",\"url\":\"https:\/\/profamilia.com.br\/site\/wp-content\/uploads\/2021\/02\/profamilia.jpg\",\"width\":416,\"height\":613},{\"@type\":\"WebPage\",\"@id\":\"https:\/\/profamilia.com.br\/site\/quem-somos\/#webpage\",\"url\":\"https:\/\/profamilia.com.br\/site\/quem-somos\/\",\"name\":\"Quem Somos - Pr\\u00f3 Fam\\u00edlia\",\"isPartOf\":{\"@id\":\"https:\/\/profamilia.com.br\/site\/#website\"},\"primaryImageOfPage\":{\"@id\":\"https:\/\/profamilia.com.br\/site\/quem-somos\/#primaryimage\"},\"datePublished\":\"2020-07-18T14:55:53+00:00\",\"dateModified\":\"2021-02-02T20:19:20+00:00\",\"breadcrumb\":{\"@id\":\"https:\/\/profamilia.com.br\/site\/quem-somos\/#breadcrumb\"},\"inLanguage\":\"pt-BR\",\"potentialAction\":[{\"@type\":\"ReadAction\",\"target\":[\"https:\/\/profamilia.com.br\/site\/quem-somos\/\"]}]},{\"@type\":\"BreadcrumbList\",\"@id\":\"https:\/\/profamilia.com.br\/site\/quem-somos\/#breadcrumb\",\"itemListElement\":[{\"@type\":\"ListItem\",\"position\":1,\"item\":{\"@type\":\"WebPage\",\"@id\":\"https:\/\/profamilia.com.br\/site\/\",\"url\":\"https:\/\/profamilia.com.br\/site\/\",\"name\":\"Home\"}},{\"@type\":\"ListItem\",\"position\":2,\"item\":{\"@type\":\"WebPage\",\"@id\":\"https:\/\/profamilia.com.br\/site\/quem-somos\/\",\"url\":\"https:\/\/profamilia.com.br\/site\/quem-somos\/\",\"name\":\"Quem Somos\"}}]}]}<\/script>\n<!-- \/ Yoast SEO Premium plugin. -->","_links":{"self":[{"href":"https:\/\/profamilia.com.br\/site\/wp-json\/wp\/v2\/pages\/229","targetHints":{"allow":["GET"]}}],"collection":[{"href":"https:\/\/profamilia.com.br\/site\/wp-json\/wp\/v2\/pages"}],"about":[{"href":"https:\/\/profamilia.com.br\/site\/wp-json\/wp\/v2\/types\/page"}],"author":[{"embeddable":true,"href":"https:\/\/profamilia.com.br\/site\/wp-json\/wp\/v2\/users\/1"}],"replies":[{"embeddable":true,"href":"https:\/\/profamilia.com.br\/site\/wp-json\/wp\/v2\/comments?post=229"}],"version-history":[{"count":37,"href":"https:\/\/profamilia.com.br\/site\/wp-json\/wp\/v2\/pages\/229\/revisions"}],"predecessor-version":[{"id":708,"href":"https:\/\/profamilia.com.br\/site\/wp-json\/wp\/v2\/pages\/229\/revisions\/708"}],"wp:attachment":[{"href":"https:\/\/profamilia.com.br\/site\/wp-json\/wp\/v2\/media?parent=229"}],"wp:term":[{"taxonomy":"yst_prominent_words","embeddable":true,"href":"https:\/\/profamilia.com.br\/site\/wp-json\/wp\/v2\/yst_prominent_words?post=229"}],"curies":[{"name":"wp","href":"https:\/\/api.w.org\/{rel}","templated":true}]}}