{"id":91,"date":"2020-07-17T10:50:26","date_gmt":"2020-07-17T13:50:26","guid":{"rendered":"https:\/\/profamilia.com.br\/site\/?page_id=91"},"modified":"2021-02-05T10:21:58","modified_gmt":"2021-02-05T13:21:58","slug":"contato","status":"publish","type":"page","link":"https:\/\/profamilia.com.br\/site\/contato\/","title":{"rendered":"Contato"},"content":{"rendered":"\t\t<div data-elementor-type=\"wp-page\" data-elementor-id=\"91\" class=\"elementor elementor-91\">\n\t\t\t\t\t\t<section class=\"elementor-section elementor-top-section elementor-element elementor-element-a443fb7 elementor-section-full_width elementor-section-height-default elementor-section-height-default\" data-id=\"a443fb7\" data-element_type=\"section\">\n\t\t\t\t\t\t<div class=\"elementor-container elementor-column-gap-default\">\n\t\t\t\t\t<div class=\"elementor-column elementor-col-100 elementor-top-column elementor-element elementor-element-b558da0\" data-id=\"b558da0\" data-element_type=\"column\">\n\t\t\t<div class=\"elementor-widget-wrap elementor-element-populated\">\n\t\t\t\t\t\t<div class=\"elementor-element elementor-element-0cc29c3 elementor-widget elementor-widget-shortcode\" data-id=\"0cc29c3\" data-element_type=\"widget\" data-widget_type=\"shortcode.default\">\n\t\t\t\t<div class=\"elementor-widget-container\">\n\t\t\t\t\t\t\t<div class=\"elementor-shortcode\">\t\t<div data-elementor-type=\"section\" data-elementor-id=\"93\" class=\"elementor elementor-93\">\n\t\t<div class=\"elementor-section-wrap\">\n\t\t\t\t\t<section class=\"elementor-section elementor-top-section elementor-element elementor-element-a8baf89 elementor-section-boxed elementor-section-height-default elementor-section-height-default\" data-id=\"a8baf89\" data-element_type=\"section\" data-settings=\"{&quot;background_background&quot;:&quot;classic&quot;}\">\n\t\t\t\t\t\t<div class=\"elementor-container elementor-column-gap-default\">\n\t\t\t\t\t<div class=\"elementor-column elementor-col-100 elementor-top-column elementor-element elementor-element-700fcbf\" data-id=\"700fcbf\" data-element_type=\"column\">\n\t\t\t<div class=\"elementor-widget-wrap elementor-element-populated\">\n\t\t\t\t\t\t<div class=\"elementor-element elementor-element-84303eb elementor-widget elementor-widget-heading\" data-id=\"84303eb\" data-element_type=\"widget\" data-widget_type=\"heading.default\">\n\t\t\t\t<div class=\"elementor-widget-container\">\n\t\t\t\t\t<h1 class=\"elementor-heading-title elementor-size-default\">Contato<\/h1>\t\t\t\t<\/div>\n\t\t\t\t<\/div>\n\t\t\t\t<div class=\"elementor-element elementor-element-9f9aee6 elementor-align-center elementor-widget elementor-widget-breadcrumbs\" data-id=\"9f9aee6\" data-element_type=\"widget\" data-widget_type=\"breadcrumbs.default\">\n\t\t\t\t<div class=\"elementor-widget-container\">\n\t\t\t\t\t<nav id=\"breadcrumbs\"><span><span><a href=\"https:\/\/profamilia.com.br\/site\/\">Home<\/a><\/span><\/nav>\t\t\t\t<\/div>\n\t\t\t\t<\/div>\n\t\t\t\t\t<\/div>\n\t\t<\/div>\n\t\t\t\t\t<\/div>\n\t\t<\/section>\n\t\t\t\t<\/div>\n\t\t<\/div>\n\t\t<\/div>\n\t\t\t\t\t\t<\/div>\n\t\t\t\t<\/div>\n\t\t\t\t\t<\/div>\n\t\t<\/div>\n\t\t\t\t\t<\/div>\n\t\t<\/section>\n\t\t\t\t<section class=\"elementor-section elementor-top-section elementor-element elementor-element-aaf441d elementor-section-boxed elementor-section-height-default elementor-section-height-default\" data-id=\"aaf441d\" data-element_type=\"section\">\n\t\t\t\t\t\t<div class=\"elementor-container elementor-column-gap-default\">\n\t\t\t\t\t<div class=\"elementor-column elementor-col-50 elementor-top-column elementor-element elementor-element-ae7a3b0\" data-id=\"ae7a3b0\" data-element_type=\"column\">\n\t\t\t<div class=\"elementor-widget-wrap elementor-element-populated\">\n\t\t\t\t\t\t<div class=\"elementor-element elementor-element-00fa380 elementor-widget elementor-widget-heading\" data-id=\"00fa380\" data-element_type=\"widget\" data-widget_type=\"heading.default\">\n\t\t\t\t<div class=\"elementor-widget-container\">\n\t\t\t\t\t<h4 class=\"elementor-heading-title elementor-size-default\">Fale Conosco<\/h4>\t\t\t\t<\/div>\n\t\t\t\t<\/div>\n\t\t\t\t<div class=\"elementor-element elementor-element-0abd353 elementor-widget elementor-widget-text-editor\" data-id=\"0abd353\" data-element_type=\"widget\" data-widget_type=\"text-editor.default\">\n\t\t\t\t<div class=\"elementor-widget-container\">\n\t\t\t\t\t\t\t\t\t<p>Para falar com a gente, tirar d\u00favidas ou solicita\u00e7\u00f5es, preencha o formul\u00e1rio para que um de nossos consultores entre em contato com voc\u00ea!<\/p>\t\t\t\t\t\t\t\t<\/div>\n\t\t\t\t<\/div>\n\t\t\t\t<div class=\"elementor-element elementor-element-b08566e elementor-icon-list--layout-traditional elementor-list-item-link-full_width elementor-widget elementor-widget-icon-list\" data-id=\"b08566e\" data-element_type=\"widget\" data-widget_type=\"icon-list.default\">\n\t\t\t\t<div class=\"elementor-widget-container\">\n\t\t\t\t\t\t\t<ul class=\"elementor-icon-list-items\">\n\t\t\t\t\t\t\t<li class=\"elementor-icon-list-item\">\n\t\t\t\t\t\t\t\t\t\t\t<a href=\"tel:55199999999\">\n\n\t\t\t\t\t\t\t\t\t\t\t\t<span class=\"elementor-icon-list-icon\">\n\t\t\t\t\t\t\t<svg xmlns=\"http:\/\/www.w3.org\/2000\/svg\" viewBox=\"0 0 512 512\"><path fill=\"#cd365f\" d=\"M436.992 74.953c-99.989-99.959-262.08-99.935-362.039.055s-99.935 262.08.055 362.039 262.08 99.935 362.039-.055a256 256 0 00-.055-362.039zm-49.289 281.652l-.034.034v-.085l-12.971 12.885a68.267 68.267 0 01-64.427 18.432 226.834 226.834 0 01-65.877-29.525 304.371 304.371 0 01-51.968-41.899 306.71 306.71 0 01-38.827-47.104 238.907 238.907 0 01-29.184-59.051 68.265 68.265 0 0117.067-69.717l15.189-15.189c4.223-4.242 11.085-4.257 15.326-.034l.034.034 47.957 47.957c4.242 4.223 4.257 11.085.034 15.326l-.034.034-28.16 28.16c-8.08 7.992-9.096 20.692-2.389 29.867a329.334 329.334 0 0033.707 39.339 327.314 327.314 0 0044.373 37.291c9.167 6.394 21.595 5.316 29.525-2.56l27.221-27.648c4.223-4.242 11.085-4.257 15.326-.034l.034.034 48.043 48.128c4.243 4.222 4.258 11.083.035 15.325z\"><\/path><\/svg>\t\t\t\t\t\t<\/span>\n\t\t\t\t\t\t\t\t\t\t<span class=\"elementor-icon-list-text\">(19) 99999 9999<\/span>\n\t\t\t\t\t\t\t\t\t\t\t<\/a>\n\t\t\t\t\t\t\t\t\t<\/li>\n\t\t\t\t\t\t\t\t<li class=\"elementor-icon-list-item\">\n\t\t\t\t\t\t\t\t\t\t\t<a href=\"https:\/\/wa.me\/55199999999\">\n\n\t\t\t\t\t\t\t\t\t\t\t\t<span class=\"elementor-icon-list-icon\">\n\t\t\t\t\t\t\t<svg xmlns=\"http:\/\/www.w3.org\/2000\/svg\" viewBox=\"0 0 512 512\"><path d=\"M256.064 0h-.128C114.784 0 0 114.816 0 256c0 56 18.048 107.904 48.736 150.048l-31.904 95.104 98.4-31.456C155.712 496.512 204 512 256.064 512 397.216 512 512 397.152 512 256S397.216 0 256.064 0z\" fill=\"#4CAF50\"><\/path><path d=\"M405.024 361.504c-6.176 17.44-30.688 31.904-50.24 36.128-13.376 2.848-30.848 5.12-89.664-19.264-75.232-31.168-123.68-107.616-127.456-112.576-3.616-4.96-30.4-40.48-30.4-77.216s18.656-54.624 26.176-62.304c6.176-6.304 16.384-9.184 26.176-9.184 3.168 0 6.016.16 8.576.288 7.52.32 11.296.768 16.256 12.64 6.176 14.88 21.216 51.616 23.008 55.392 1.824 3.776 3.648 8.896 1.088 13.856-2.4 5.12-4.512 7.392-8.288 11.744-3.776 4.352-7.36 7.68-11.136 12.352-3.456 4.064-7.36 8.416-3.008 15.936 4.352 7.36 19.392 31.904 41.536 51.616 28.576 25.44 51.744 33.568 60.032 37.024 6.176 2.56 13.536 1.952 18.048-2.848 5.728-6.176 12.8-16.416 20-26.496 5.12-7.232 11.584-8.128 18.368-5.568 6.912 2.4 43.488 20.48 51.008 24.224 7.52 3.776 12.48 5.568 14.304 8.736 1.792 3.168 1.792 18.048-4.384 35.52z\" fill=\"#FAFAFA\"><\/path><\/svg>\t\t\t\t\t\t<\/span>\n\t\t\t\t\t\t\t\t\t\t<span class=\"elementor-icon-list-text\">(11) 9999 9999<\/span>\n\t\t\t\t\t\t\t\t\t\t\t<\/a>\n\t\t\t\t\t\t\t\t\t<\/li>\n\t\t\t\t\t\t\t\t<li class=\"elementor-icon-list-item\">\n\t\t\t\t\t\t\t\t\t\t\t<a href=\"mailto:contato@profamilia.com.br\">\n\n\t\t\t\t\t\t\t\t\t\t\t\t<span class=\"elementor-icon-list-icon\">\n\t\t\t\t\t\t\t<svg xmlns=\"http:\/\/www.w3.org\/2000\/svg\" xmlns:xlink=\"http:\/\/www.w3.org\/1999\/xlink\" id=\"Camada_1\" x=\"0px\" y=\"0px\" viewBox=\"0 0 24 24\" style=\"enable-background:new 0 0 24 24;\" xml:space=\"preserve\"><image style=\"overflow:visible;enable-background:new    ;\" width=\"24\" height=\"24\" id=\"_181535\" xlink:href=\"data:image\/png;base64,iVBORw0KGgoAAAANSUhEUgAAABgAAAAYCAYAAADgdz34AAAACXBIWXMAAAsSAAALEgHS3X78AAAA GXRFWHRTb2Z0d2FyZQBBZG9iZSBJbWFnZVJlYWR5ccllPAAAAkNJREFUeNqslk1IVFEUx9844yYw sMEgMSwlEOlzH6iIoAmSRlBuRDCTCZJ2EVQbN60EEUHShSFKpBW0GDCCXLSKEmFAXTmiQg1WJEUg mP6OnCe329x5b7IDP86b++79n3fPuR8T8XLY6ZrLp3AtUANVUKKvNmAJZuFVavbloksj4hAuw\/VB hxfOxuE+gdKBARC\/hhuFQ15+tgU3CPLEbIxa4r24ESj08jfRaj16oupXZmXx3V8zQLwNNx0gcg+2 4VFAv3ZmMrkfAPG4Fs5l8kV3GPRe+1\/A9WvxXXaM\/p8K9Mego9NPuE3Hi764GM9zUMtjAjYdY4f3 ZqArZtV6+RseItIXJvlo3NVVF7VenYxJvqzGzzADawysx8ddyxnbga+wDmPQCKXG+w4JUGcN+ihf Dy\/gXMgVtADNUARXjfYGqUG11bmU1CzDeZ674XsO4R9wi77VMsb6+r0USYAjVuO2UczHuArdeLbJ hqqgz5BVO9MOx3Lk1w8iOe6iHk91ZUghe2hPhsldgRYp0BB8javUr06GrM1mTAt0PMc0zSA7Zgqz mD02LTN4m2Xp\/avZwd\/IRiuXSNbKaIIPGiwSIOr3OQuSumLjXaV\/Fk3hrlgDv+QZIG61J0nppZj+ SGQJEPcOZt3+KpLiZXDXvf9nnWiu\/XHhcEmk5LKQ7X1A8QeID2S90eQmIkhaz5VonsJSi5uI9zuv TA0yT5AJ\/QdxJqT4M6kh4jOh\/lUY57wchHKV1uqZVKxjvsGy7qHnCKdcGrsCDADCDL4w2t9mcQAA AABJRU5ErkJggg==\"><\/image><\/svg>\t\t\t\t\t\t<\/span>\n\t\t\t\t\t\t\t\t\t\t<span class=\"elementor-icon-list-text\">contato@profamilia.com.br<\/span>\n\t\t\t\t\t\t\t\t\t\t\t<\/a>\n\t\t\t\t\t\t\t\t\t<\/li>\n\t\t\t\t\t\t\t\t<li class=\"elementor-icon-list-item\">\n\t\t\t\t\t\t\t\t\t\t\t<span class=\"elementor-icon-list-icon\">\n\t\t\t\t\t\t\t<svg xmlns=\"http:\/\/www.w3.org\/2000\/svg\" xmlns:xlink=\"http:\/\/www.w3.org\/1999\/xlink\" id=\"Camada_1\" x=\"0px\" y=\"0px\" viewBox=\"0 0 24 24\" style=\"enable-background:new 0 0 24 24;\" xml:space=\"preserve\"><image style=\"overflow:visible;enable-background:new    ;\" width=\"24\" height=\"24\" id=\"_181544\" xlink:href=\"data:image\/png;base64,iVBORw0KGgoAAAANSUhEUgAAABgAAAAYCAYAAADgdz34AAAACXBIWXMAAAsSAAALEgHS3X78AAAA GXRFWHRTb2Z0d2FyZQBBZG9iZSBJbWFnZVJlYWR5ccllPAAAAh9JREFUeNpiZMADdOwDVIGUHxDb A7EGEItCpd4A8U0gPgjEm68c3HADlxmMOAyWAVItQBzPQBxYAsS1QIseELQAaHgEkJoLxFwMpIFf QJwKtGQRsiAzmuH5QGoOELMykA5AZgWKKWh8f\/XwxlEMC4CGBwGp+QyUA1egJbeAllyBBxHQcGFo xFETSAKD6wUTlDOFRM2g1OMNxO141MwE+wCaYh6TaEEN0HWtUN+7AqldONQpgnwQRYSBx4F4H5T9 DohXwySAFu0GUk049MWDLHAkYPgRoCFWQOwMZBuBMJB9C03NbFwRzgIktAhY8ArJtefRkrUEkMoF YnMcehVAPhAiYIEn0CAeLBkSVHRcAOIqIHbGoZefCVdxgQQ4gfgoFnEOIBYnFHlM0EjDB04C8Ueg i9ciCwKDC+T6TQT0fgRZcJ2AohSgYXZAWgZoyQ4glkeSIxS8D0GRfACI3XAomAw0\/ArQUFBK+wTE 7kB8F8jfBqT5gNiGgAV7GaEueoBF8gQQg1zeCcSFZBYXykxAFz4EMtaiSfyDuvgsBYZvB5p9D1YW ZWGpJ0DBpktBYZcGS0WgFAHKTJGEajoSQCLQzCco9QGo\/AZVFqDsTaHhdUDDJ2Gt0UA1EdCSB9Ci mJlEg\/8DcTrQ8H6cVSbUkotAS5ZBWxDExgGodA0GGr6LqFYFUnkDKghBVakDECsBsSBUz3sgvg\/N Q+tAeQWXGQABBgArSZ\/Y0r9hUAAAAABJRU5ErkJggg==\"><\/image><\/svg>\t\t\t\t\t\t<\/span>\n\t\t\t\t\t\t\t\t\t\t<span class=\"elementor-icon-list-text\">Rua Jo\u00e3o da Silva, 123. Bairro, Cidade, UF Refer\u00eancia, 00000-00<\/span>\n\t\t\t\t\t\t\t\t\t<\/li>\n\t\t\t\t\t\t<\/ul>\n\t\t\t\t\t\t<\/div>\n\t\t\t\t<\/div>\n\t\t\t\t\t<\/div>\n\t\t<\/div>\n\t\t\t\t<div class=\"elementor-column elementor-col-50 elementor-top-column elementor-element elementor-element-46b72d2\" data-id=\"46b72d2\" data-element_type=\"column\">\n\t\t\t<div class=\"elementor-widget-wrap elementor-element-populated\">\n\t\t\t\t\t\t<div class=\"elementor-element elementor-element-c5fa722 elementor-widget elementor-widget-shortcode\" data-id=\"c5fa722\" data-element_type=\"widget\" data-widget_type=\"shortcode.default\">\n\t\t\t\t<div class=\"elementor-widget-container\">\n\t\t\t\t\t\t\t<div class=\"elementor-shortcode\">\n<div class=\"wpcf7 no-js\" id=\"wpcf7-f40-o1\" lang=\"pt-BR\" dir=\"ltr\" data-wpcf7-id=\"40\">\n<div class=\"screen-reader-response\"><p role=\"status\" aria-live=\"polite\" aria-atomic=\"true\"><\/p> <ul><\/ul><\/div>\n<form action=\"\/site\/wp-json\/wp\/v2\/pages\/91#wpcf7-f40-o1\" method=\"post\" class=\"wpcf7-form init form-contato\" id=\"formulario-contato\" aria-label=\"Formul\u00e1rios de contato\" novalidate=\"novalidate\" data-status=\"init\">\n<div style=\"display: none;\">\n<input type=\"hidden\" name=\"_wpcf7\" value=\"40\" \/>\n<input type=\"hidden\" name=\"_wpcf7_version\" value=\"6.0.6\" \/>\n<input type=\"hidden\" name=\"_wpcf7_locale\" value=\"pt_BR\" \/>\n<input type=\"hidden\" name=\"_wpcf7_unit_tag\" value=\"wpcf7-f40-o1\" \/>\n<input type=\"hidden\" name=\"_wpcf7_container_post\" value=\"0\" \/>\n<input type=\"hidden\" name=\"_wpcf7_posted_data_hash\" value=\"\" \/>\n<\/div>\n<div class=\"container-form\">\n\t<div class=\"row-form\">\n\t\t<div class=\"col\">\n\t\t\t<p><span class=\"wpcf7-form-control-wrap\" data-name=\"nome\"><input size=\"40\" maxlength=\"400\" class=\"wpcf7-form-control wpcf7-text wpcf7-validates-as-required nome\" id=\"nome\" aria-required=\"true\" aria-invalid=\"false\" placeholder=\"Nome Completo\" value=\"\" type=\"text\" name=\"nome\" \/><\/span>\n\t\t\t<\/p>\n\t\t<\/div>\n\t<\/div>\n\t<div class=\"row-form col-2\">\n\t\t<div class=\"col\">\n\t\t\t<p><span class=\"wpcf7-form-control-wrap\" data-name=\"email\"><input size=\"40\" maxlength=\"400\" class=\"wpcf7-form-control wpcf7-email wpcf7-validates-as-required wpcf7-text wpcf7-validates-as-email email\" id=\"email\" aria-required=\"true\" aria-invalid=\"false\" placeholder=\"E-mail\" value=\"\" type=\"email\" name=\"email\" \/><\/span>\n\t\t\t<\/p>\n\t\t<\/div>\n\t\t<div class=\"col\">\n\t\t\t<p><span class=\"wpcf7-form-control-wrap\" data-name=\"telefone\"><input size=\"40\" maxlength=\"400\" class=\"wpcf7-form-control wpcf7-tel wpcf7-validates-as-required wpcf7-text wpcf7-validates-as-tel telefone\" id=\"telefone\" aria-required=\"true\" aria-invalid=\"false\" placeholder=\"Telefone\" value=\"\" type=\"tel\" name=\"telefone\" \/><\/span>\n\t\t\t<\/p>\n\t\t<\/div>\n\t<\/div>\n\t<div class=\"row-form\">\n\t\t<div class=\"col\">\n\t\t\t<p><span class=\"wpcf7-form-control-wrap\" data-name=\"mensagem\"><textarea cols=\"40\" rows=\"10\" maxlength=\"2000\" class=\"wpcf7-form-control wpcf7-textarea wpcf7-validates-as-required mensagem\" id=\"mensagem\" aria-required=\"true\" aria-invalid=\"false\" placeholder=\"Mensagem\" name=\"mensagem\"><\/textarea><\/span><input class=\"wpcf7-form-control wpcf7-submit has-spinner enviar\" id=\"enviar\" type=\"submit\" value=\"ENVIAR MENSAGEM\" \/>\n\t\t\t<\/p>\n\t\t<\/div>\n\t<\/div>\n<\/div>\n<style>\n@media (min-width: 981px){\n .row-form.col-2{\n display: flex;\n }\n .row-form.col-2 .col:nth-child(1){\n padding-right: 5px;\n }\n.row-form.col-2 .col:nth-child(2){padding-left: 5px;}\n\n}\n<\/style><div class=\"wpcf7-response-output\" aria-hidden=\"true\"><\/div>\n<\/form>\n<\/div>\n\n<\/div>\n\t\t\t\t\t\t<\/div>\n\t\t\t\t<\/div>\n\t\t\t\t\t<\/div>\n\t\t<\/div>\n\t\t\t\t\t<\/div>\n\t\t<\/section>\n\t\t\t\t<section class=\"elementor-section elementor-top-section elementor-element elementor-element-84ca672 elementor-section-boxed elementor-section-height-default elementor-section-height-default\" data-id=\"84ca672\" data-element_type=\"section\">\n\t\t\t\t\t\t<div class=\"elementor-container elementor-column-gap-default\">\n\t\t\t\t\t<div class=\"elementor-column elementor-col-100 elementor-top-column elementor-element elementor-element-e2188fb\" data-id=\"e2188fb\" data-element_type=\"column\">\n\t\t\t<div class=\"elementor-widget-wrap elementor-element-populated\">\n\t\t\t\t\t\t<div class=\"elementor-element elementor-element-5b467c7 elementor-widget elementor-widget-heading\" data-id=\"5b467c7\" data-element_type=\"widget\" data-widget_type=\"heading.default\">\n\t\t\t\t<div class=\"elementor-widget-container\">\n\t\t\t\t\t<h2 class=\"elementor-heading-title elementor-size-default\">Forma de Pagamento<\/h2>\t\t\t\t<\/div>\n\t\t\t\t<\/div>\n\t\t\t\t<div class=\"elementor-element elementor-element-cd83d0e elementor-widget elementor-widget-image\" data-id=\"cd83d0e\" data-element_type=\"widget\" data-widget_type=\"image.default\">\n\t\t\t\t<div class=\"elementor-widget-container\">\n\t\t\t\t\t\t\t\t\t\t\t\t\t\t\t<img fetchpriority=\"high\" decoding=\"async\" width=\"1112\" height=\"233\" src=\"https:\/\/profamilia.com.br\/site\/wp-content\/uploads\/2021\/02\/pagamento.png\" class=\"attachment-full size-full wp-image-726\" alt=\"\" srcset=\"https:\/\/profamilia.com.br\/site\/wp-content\/uploads\/2021\/02\/pagamento.png 1112w, https:\/\/profamilia.com.br\/site\/wp-content\/uploads\/2021\/02\/pagamento-300x63.png 300w, https:\/\/profamilia.com.br\/site\/wp-content\/uploads\/2021\/02\/pagamento-1024x215.png 1024w, https:\/\/profamilia.com.br\/site\/wp-content\/uploads\/2021\/02\/pagamento-768x161.png 768w\" sizes=\"(max-width: 1112px) 100vw, 1112px\" \/>\t\t\t\t\t\t\t\t\t\t\t\t\t\t\t<\/div>\n\t\t\t\t<\/div>\n\t\t\t\t\t<\/div>\n\t\t<\/div>\n\t\t\t\t\t<\/div>\n\t\t<\/section>\n\t\t\t\t<\/div>\n\t\t","protected":false},"excerpt":{"rendered":"<p>Fale Conosco Para falar com a gente, tirar d\u00favidas ou solicita\u00e7\u00f5es, preencha o formul\u00e1rio para que um de nossos consultores entre em contato com voc\u00ea! (19) 99999 9999 (11) 9999 9999 contato@profamilia.com.br Rua Jo\u00e3o da Silva, 123. Bairro, Cidade, UF Refer\u00eancia, 00000-00 Forma de Pagamento<\/p>\n","protected":false},"author":1,"featured_media":0,"parent":0,"menu_order":0,"comment_status":"closed","ping_status":"closed","template":"","meta":{"footnotes":""},"yst_prominent_words":[15,11,9,8,16,12,10,17,13,18,19,20,14],"class_list":["post-91","page","type-page","status-publish","hentry"],"yoast_head":"<!-- This site is optimized with the Yoast SEO Premium plugin v14.4.1 - https:\/\/yoast.com\/wordpress\/plugins\/seo\/ -->\n<title>Contato - Pr\u00f3 Fam\u00edlia<\/title>\n<meta name=\"robots\" content=\"index, follow\" \/>\n<meta name=\"googlebot\" content=\"index, follow, max-snippet:-1, max-image-preview:large, max-video-preview:-1\" \/>\n<meta name=\"bingbot\" content=\"index, follow, max-snippet:-1, max-image-preview:large, max-video-preview:-1\" \/>\n<link rel=\"canonical\" href=\"https:\/\/profamilia.com.br\/site\/contato\/\" \/>\n<meta property=\"og:locale\" content=\"pt_BR\" \/>\n<meta property=\"og:type\" content=\"article\" \/>\n<meta property=\"og:title\" content=\"Contato - Pr\u00f3 Fam\u00edlia\" \/>\n<meta property=\"og:description\" content=\"Fale Conosco Para falar com a gente, tirar d\u00favidas ou solicita\u00e7\u00f5es, preencha o formul\u00e1rio para que um de nossos consultores entre em contato com voc\u00ea! (19) 99999 9999 (11) 9999 9999 contato@profamilia.com.br Rua Jo\u00e3o da Silva, 123. Bairro, Cidade, UF Refer\u00eancia, 00000-00 Forma de Pagamento\" \/>\n<meta property=\"og:url\" content=\"https:\/\/profamilia.com.br\/site\/contato\/\" \/>\n<meta property=\"og:site_name\" content=\"Pr\u00f3 Fam\u00edlia\" \/>\n<meta property=\"article:modified_time\" content=\"2021-02-05T13:21:58+00:00\" \/>\n<meta property=\"og:image\" content=\"https:\/\/profamilia.com.br\/site\/wp-content\/uploads\/2021\/02\/pagamento.png\" \/>\n<meta name=\"twitter:card\" content=\"summary_large_image\" \/>\n<script type=\"application\/ld+json\" class=\"yoast-schema-graph\">{\"@context\":\"https:\/\/schema.org\",\"@graph\":[{\"@type\":\"WebSite\",\"@id\":\"https:\/\/profamilia.com.br\/site\/#website\",\"url\":\"https:\/\/profamilia.com.br\/site\/\",\"name\":\"Pr\\u00f3 Fam\\u00edlia\",\"description\":\"Pr\\u00f3 Fam\\u00edlia\",\"potentialAction\":[{\"@type\":\"SearchAction\",\"target\":\"https:\/\/profamilia.com.br\/site\/?s={search_term_string}\",\"query-input\":\"required name=search_term_string\"}],\"inLanguage\":\"pt-BR\"},{\"@type\":\"ImageObject\",\"@id\":\"https:\/\/profamilia.com.br\/site\/contato\/#primaryimage\",\"inLanguage\":\"pt-BR\",\"url\":\"https:\/\/profamilia.com.br\/site\/wp-content\/uploads\/2021\/02\/pagamento.png\",\"width\":1112,\"height\":233},{\"@type\":\"WebPage\",\"@id\":\"https:\/\/profamilia.com.br\/site\/contato\/#webpage\",\"url\":\"https:\/\/profamilia.com.br\/site\/contato\/\",\"name\":\"Contato - Pr\\u00f3 Fam\\u00edlia\",\"isPartOf\":{\"@id\":\"https:\/\/profamilia.com.br\/site\/#website\"},\"primaryImageOfPage\":{\"@id\":\"https:\/\/profamilia.com.br\/site\/contato\/#primaryimage\"},\"datePublished\":\"2020-07-17T13:50:26+00:00\",\"dateModified\":\"2021-02-05T13:21:58+00:00\",\"breadcrumb\":{\"@id\":\"https:\/\/profamilia.com.br\/site\/contato\/#breadcrumb\"},\"inLanguage\":\"pt-BR\",\"potentialAction\":[{\"@type\":\"ReadAction\",\"target\":[\"https:\/\/profamilia.com.br\/site\/contato\/\"]}]},{\"@type\":\"BreadcrumbList\",\"@id\":\"https:\/\/profamilia.com.br\/site\/contato\/#breadcrumb\",\"itemListElement\":[{\"@type\":\"ListItem\",\"position\":1,\"item\":{\"@type\":\"WebPage\",\"@id\":\"https:\/\/profamilia.com.br\/site\/\",\"url\":\"https:\/\/profamilia.com.br\/site\/\",\"name\":\"Home\"}},{\"@type\":\"ListItem\",\"position\":2,\"item\":{\"@type\":\"WebPage\",\"@id\":\"https:\/\/profamilia.com.br\/site\/contato\/\",\"url\":\"https:\/\/profamilia.com.br\/site\/contato\/\",\"name\":\"Contato\"}}]}]}<\/script>\n<!-- \/ Yoast SEO Premium plugin. -->","_links":{"self":[{"href":"https:\/\/profamilia.com.br\/site\/wp-json\/wp\/v2\/pages\/91","targetHints":{"allow":["GET"]}}],"collection":[{"href":"https:\/\/profamilia.com.br\/site\/wp-json\/wp\/v2\/pages"}],"about":[{"href":"https:\/\/profamilia.com.br\/site\/wp-json\/wp\/v2\/types\/page"}],"author":[{"embeddable":true,"href":"https:\/\/profamilia.com.br\/site\/wp-json\/wp\/v2\/users\/1"}],"replies":[{"embeddable":true,"href":"https:\/\/profamilia.com.br\/site\/wp-json\/wp\/v2\/comments?post=91"}],"version-history":[{"count":34,"href":"https:\/\/profamilia.com.br\/site\/wp-json\/wp\/v2\/pages\/91\/revisions"}],"predecessor-version":[{"id":904,"href":"https:\/\/profamilia.com.br\/site\/wp-json\/wp\/v2\/pages\/91\/revisions\/904"}],"wp:attachment":[{"href":"https:\/\/profamilia.com.br\/site\/wp-json\/wp\/v2\/media?parent=91"}],"wp:term":[{"taxonomy":"yst_prominent_words","embeddable":true,"href":"https:\/\/profamilia.com.br\/site\/wp-json\/wp\/v2\/yst_prominent_words?post=91"}],"curies":[{"name":"wp","href":"https:\/\/api.w.org\/{rel}","templated":true}]}}